{"id":51749,"date":"2022-11-04T15:57:48","date_gmt":"2022-11-04T14:57:48","guid":{"rendered":"https:\/\/cidralis.com\/?post_type=product&#038;p=51749"},"modified":"2025-07-11T14:06:14","modified_gmt":"2025-07-11T12:06:14","slug":"extrait-pur-de-cedrat","status":"publish","type":"product","link":"https:\/\/cidralis.com\/en\/produit\/extrait-pur-de-cedrat\/","title":{"rendered":"Extrait Pur de C\u00e9drat"},"content":{"rendered":"<p>L&#8217;extrait pur de c\u00e9drat corse est un actif destin\u00e9 \u00e0 entrer dans des pr\u00e9parations cosm\u00e9tiques et \u00e0 booster l&#8217;efficacit\u00e9 de soins formul\u00e9s. Cet extrait naturel de c\u00e9drat est tr\u00e8s riche en sucres v\u00e9g\u00e9taux hydratants, en min\u00e9raux et en polyph\u00e9nols antioxydants et anti-radicalaires qui luttent contre le vieillissement de la peau. On vous dit tout ! Il est obtenu par simple mac\u00e9ration des fruits r\u00e9colt\u00e9s \u00e0 Barrettali (CapCorse) dans un m\u00e9lange d&#8217;eau et d&#8217;\u00e9thanol. Ce dernier est ensuite \u00e9limin\u00e9 et substitu\u00e9 par du propanediol 100% d&#8217;origine naturelle afin d&#8217;assurer la conservation de l&#8217;extrait et une parfaite tol\u00e9rance cutan\u00e9e. A l&#8217;occasion de la sortie de ce nouveau produit, Cidralis tourne une nouvelle page de sa courte histoire : une collab avec la galerie d&#8217;art <em>Nasce<\/em> (CapCorse) pour le d\u00e9cor de l&#8217;\u00e9tui et la parole \u00e0 une nouvelle <em>instagrameuse<\/em>&#8230; d\u00e9couvrez vite le jardin secret de <em>Serpentine<\/em>.<\/p>\n","protected":false},"excerpt":{"rendered":"<p>Pour HYDRATER, PULPER et REDUIRE LES IMPERFECTIONS DE LA PEAU.<br \/>\nExtrait Pur de C\u00e9drat Corse, destin\u00e9 \u00e0 entrer dans des pr\u00e9parations cosm\u00e9tiques et \u00e0 booster l&#8217;efficacit\u00e9 de soins formul\u00e9s, comme par exemple le soin visage Cidralis.<br \/>\nC\u00e9drats Corses cultiv\u00e9s et r\u00e9colt\u00e9s \u00e0 Barrettali.<br \/>\nComposition : AQUA, PROPANEDIOL, CITRUS MEDICA CORSICAN.<br \/>\nFlacon compte-goutte en verre, 20 ml.\u00a0Etui cartonn\u00e9 non trait\u00e9.<br \/>\nMaximum 5 gouttes par jour, peut \u00eatre utilis\u00e9 pur.<br \/>\nEvitez le contour des yeux.<\/p>\n","protected":false},"featured_media":51743,"comment_status":"closed","ping_status":"closed","template":"","meta":{"_et_pb_use_builder":"","_et_pb_old_content":"","_et_gb_content_width":""},"product_cat":[76,81],"product_tag":[],"yoast_head":"<!-- This site is optimized with the Yoast SEO plugin v20.13 - https:\/\/yoast.com\/wordpress\/plugins\/seo\/ -->\n<title>Extrait Pur de C\u00e9drat | CIDRALIS Cap Corse<\/title>\n<meta name=\"description\" content=\"Actif destin\u00e9 \u00e0 entrer dans des pr\u00e9parations cosm\u00e9tiques et \u00e0 booster l&#039;efficacit\u00e9 de soins formul\u00e9s. Extrait naturel pr\u00e9par\u00e9 avec les c\u00e9drats r\u00e9colt\u00e9s \u00e0 Barrettali.\" \/>\n<meta name=\"robots\" content=\"index, follow, max-snippet:-1, max-image-preview:large, max-video-preview:-1\" \/>\n<link rel=\"canonical\" href=\"https:\/\/cidralis.com\/produit\/extrait-pur-de-cedrat\/\" \/>\n<meta property=\"og:locale\" content=\"en_US\" \/>\n<meta property=\"og:type\" content=\"article\" \/>\n<meta property=\"og:title\" content=\"Extrait Pur de C\u00e9drat | CIDRALIS Cap Corse\" \/>\n<meta property=\"og:description\" content=\"Actif destin\u00e9 \u00e0 entrer dans des pr\u00e9parations cosm\u00e9tiques et \u00e0 booster l&#039;efficacit\u00e9 de soins formul\u00e9s. Extrait naturel pr\u00e9par\u00e9 avec les c\u00e9drats r\u00e9colt\u00e9s \u00e0 Barrettali.\" \/>\n<meta property=\"og:url\" content=\"https:\/\/cidralis.com\/produit\/extrait-pur-de-cedrat\/\" \/>\n<meta property=\"og:site_name\" content=\"CIDRALIS Cap Corse\" \/>\n<meta property=\"article:publisher\" content=\"https:\/\/fr-fr.facebook.com\/Cidralis-1589700168025997\/\" \/>\n<meta property=\"article:modified_time\" content=\"2025-07-11T12:06:14+00:00\" \/>\n<meta property=\"og:image\" content=\"https:\/\/cidralis.com\/wp-content\/uploads\/2022\/11\/IMG_3666-scaled-e1667567668222.jpg\" \/>\n\t<meta property=\"og:image:width\" content=\"1440\" \/>\n\t<meta property=\"og:image:height\" content=\"2227\" \/>\n\t<meta property=\"og:image:type\" content=\"image\/jpeg\" \/>\n<meta name=\"twitter:card\" content=\"summary_large_image\" \/>\n<meta name=\"twitter:label1\" content=\"Est. reading time\" \/>\n\t<meta name=\"twitter:data1\" content=\"1 minute\" \/>\n<script type=\"application\/ld+json\" class=\"yoast-schema-graph\">{\"@context\":\"https:\/\/schema.org\",\"@graph\":[{\"@type\":\"WebPage\",\"@id\":\"https:\/\/cidralis.com\/produit\/extrait-pur-de-cedrat\/\",\"url\":\"https:\/\/cidralis.com\/produit\/extrait-pur-de-cedrat\/\",\"name\":\"Extrait Pur de C\u00e9drat | CIDRALIS Cap Corse\",\"isPartOf\":{\"@id\":\"https:\/\/cidralis.com\/#website\"},\"datePublished\":\"2022-11-04T14:57:48+00:00\",\"dateModified\":\"2025-07-11T12:06:14+00:00\",\"description\":\"Actif destin\u00e9 \u00e0 entrer dans des pr\u00e9parations cosm\u00e9tiques et \u00e0 booster l'efficacit\u00e9 de soins formul\u00e9s. Extrait naturel pr\u00e9par\u00e9 avec les c\u00e9drats r\u00e9colt\u00e9s \u00e0 Barrettali.\",\"breadcrumb\":{\"@id\":\"https:\/\/cidralis.com\/produit\/extrait-pur-de-cedrat\/#breadcrumb\"},\"inLanguage\":\"en-US\",\"potentialAction\":[{\"@type\":\"ReadAction\",\"target\":[\"https:\/\/cidralis.com\/produit\/extrait-pur-de-cedrat\/\"]}]},{\"@type\":\"BreadcrumbList\",\"@id\":\"https:\/\/cidralis.com\/produit\/extrait-pur-de-cedrat\/#breadcrumb\",\"itemListElement\":[{\"@type\":\"ListItem\",\"position\":1,\"name\":\"Accueil\",\"item\":\"https:\/\/cidralis.com\/en\/\"},{\"@type\":\"ListItem\",\"position\":2,\"name\":\"Shop\",\"item\":\"https:\/\/cidralis.com\/en\/cidralis-skincare\/\"},{\"@type\":\"ListItem\",\"position\":3,\"name\":\"Extrait Pur de C\u00e9drat\"}]},{\"@type\":\"WebSite\",\"@id\":\"https:\/\/cidralis.com\/#website\",\"url\":\"https:\/\/cidralis.com\/\",\"name\":\"CIDRALIS Cap Corse\",\"description\":\"Cosm\u00e9tique Responsable - Nous cultivons nous-m\u00eames pour vos soins\",\"potentialAction\":[{\"@type\":\"SearchAction\",\"target\":{\"@type\":\"EntryPoint\",\"urlTemplate\":\"https:\/\/cidralis.com\/?s={search_term_string}\"},\"query-input\":\"required name=search_term_string\"}],\"inLanguage\":\"en-US\"}]}<\/script>\n<!-- \/ Yoast SEO plugin. -->","yoast_head_json":{"title":"Extrait Pur de C\u00e9drat | CIDRALIS Cap Corse","description":"Actif destin\u00e9 \u00e0 entrer dans des pr\u00e9parations cosm\u00e9tiques et \u00e0 booster l'efficacit\u00e9 de soins formul\u00e9s. Extrait naturel pr\u00e9par\u00e9 avec les c\u00e9drats r\u00e9colt\u00e9s \u00e0 Barrettali.","robots":{"index":"index","follow":"follow","max-snippet":"max-snippet:-1","max-image-preview":"max-image-preview:large","max-video-preview":"max-video-preview:-1"},"canonical":"https:\/\/cidralis.com\/produit\/extrait-pur-de-cedrat\/","og_locale":"en_US","og_type":"article","og_title":"Extrait Pur de C\u00e9drat | CIDRALIS Cap Corse","og_description":"Actif destin\u00e9 \u00e0 entrer dans des pr\u00e9parations cosm\u00e9tiques et \u00e0 booster l'efficacit\u00e9 de soins formul\u00e9s. Extrait naturel pr\u00e9par\u00e9 avec les c\u00e9drats r\u00e9colt\u00e9s \u00e0 Barrettali.","og_url":"https:\/\/cidralis.com\/produit\/extrait-pur-de-cedrat\/","og_site_name":"CIDRALIS Cap Corse","article_publisher":"https:\/\/fr-fr.facebook.com\/Cidralis-1589700168025997\/","article_modified_time":"2025-07-11T12:06:14+00:00","og_image":[{"width":1440,"height":2227,"url":"https:\/\/cidralis.com\/wp-content\/uploads\/2022\/11\/IMG_3666-scaled-e1667567668222.jpg","type":"image\/jpeg"}],"twitter_card":"summary_large_image","twitter_misc":{"Est. reading time":"1 minute"},"schema":{"@context":"https:\/\/schema.org","@graph":[{"@type":"WebPage","@id":"https:\/\/cidralis.com\/produit\/extrait-pur-de-cedrat\/","url":"https:\/\/cidralis.com\/produit\/extrait-pur-de-cedrat\/","name":"Extrait Pur de C\u00e9drat | CIDRALIS Cap Corse","isPartOf":{"@id":"https:\/\/cidralis.com\/#website"},"datePublished":"2022-11-04T14:57:48+00:00","dateModified":"2025-07-11T12:06:14+00:00","description":"Actif destin\u00e9 \u00e0 entrer dans des pr\u00e9parations cosm\u00e9tiques et \u00e0 booster l'efficacit\u00e9 de soins formul\u00e9s. Extrait naturel pr\u00e9par\u00e9 avec les c\u00e9drats r\u00e9colt\u00e9s \u00e0 Barrettali.","breadcrumb":{"@id":"https:\/\/cidralis.com\/produit\/extrait-pur-de-cedrat\/#breadcrumb"},"inLanguage":"en-US","potentialAction":[{"@type":"ReadAction","target":["https:\/\/cidralis.com\/produit\/extrait-pur-de-cedrat\/"]}]},{"@type":"BreadcrumbList","@id":"https:\/\/cidralis.com\/produit\/extrait-pur-de-cedrat\/#breadcrumb","itemListElement":[{"@type":"ListItem","position":1,"name":"Accueil","item":"https:\/\/cidralis.com\/en\/"},{"@type":"ListItem","position":2,"name":"Shop","item":"https:\/\/cidralis.com\/en\/cidralis-skincare\/"},{"@type":"ListItem","position":3,"name":"Extrait Pur de C\u00e9drat"}]},{"@type":"WebSite","@id":"https:\/\/cidralis.com\/#website","url":"https:\/\/cidralis.com\/","name":"CIDRALIS Cap Corse","description":"Cosm\u00e9tique Responsable - Nous cultivons nous-m\u00eames pour vos soins","potentialAction":[{"@type":"SearchAction","target":{"@type":"EntryPoint","urlTemplate":"https:\/\/cidralis.com\/?s={search_term_string}"},"query-input":"required name=search_term_string"}],"inLanguage":"en-US"}]}},"_links":{"self":[{"href":"https:\/\/cidralis.com\/en\/wp-json\/wp\/v2\/product\/51749"}],"collection":[{"href":"https:\/\/cidralis.com\/en\/wp-json\/wp\/v2\/product"}],"about":[{"href":"https:\/\/cidralis.com\/en\/wp-json\/wp\/v2\/types\/product"}],"replies":[{"embeddable":true,"href":"https:\/\/cidralis.com\/en\/wp-json\/wp\/v2\/comments?post=51749"}],"wp:featuredmedia":[{"embeddable":true,"href":"https:\/\/cidralis.com\/en\/wp-json\/wp\/v2\/media\/51743"}],"wp:attachment":[{"href":"https:\/\/cidralis.com\/en\/wp-json\/wp\/v2\/media?parent=51749"}],"wp:term":[{"taxonomy":"product_cat","embeddable":true,"href":"https:\/\/cidralis.com\/en\/wp-json\/wp\/v2\/product_cat?post=51749"},{"taxonomy":"product_tag","embeddable":true,"href":"https:\/\/cidralis.com\/en\/wp-json\/wp\/v2\/product_tag?post=51749"}],"curies":[{"name":"wp","href":"https:\/\/api.w.org\/{rel}","templated":true}]}}